{"id":247,"date":"2016-03-18T19:01:55","date_gmt":"2016-03-18T18:01:55","guid":{"rendered":"http:\/\/www.ccsitea.polimi.it\/?page_id=247"},"modified":"2020-04-21T18:13:36","modified_gmt":"2020-04-21T17:13:36","slug":"borse-di-studio-e-premi-di-laurea","status":"publish","type":"page","link":"https:\/\/www.ccsitea.test.polimi.it\/?page_id=247","title":{"rendered":"Borse di studio e premi di laurea"},"content":{"rendered":"<p align=\"justify\">[mobile]\n<p align=\"justify\">\u00a0[\/mobile]\n<p>Portale per borse di studio europee. Segnaliamo il portale no-profit <a href=\"http:\/\/www.european-funding-guide.eu\" target=\"_blank\" rel=\"noopener noreferrer\">european-funding-guide.eu<\/a> un&#8217;iniziativa che mira ad alleviare il problema della mancanza di fondi per gli studi, il primo motivo di abbandono o rinuncia agli studi superiori nell\u2019UE.<br \/>\nIl portale cataloga pi\u00f9 di 12000 borse di studio, sussidi e premi in tutto il territorio dell\u2019UE per un valore di pi\u00f9 di 27 miliardi di euro. Pi\u00f9 di 500 sono specificamente rivolte a cittadini italiani. La piattaforma \u00e8 ad accesso totalmente gratuito e pu\u00f2 essere usata da studenti di primo livello, laurea magistrale o dottorato.<\/p>\n<p><a href=\"http:\/\/www.european-funding-guide.eu\" target=\"_blank\" rel=\"noopener noreferrer\">www.european-funding-guide.eu<\/a><\/p>\n","protected":false},"excerpt":{"rendered":"<p>[mobile] \u00a0[\/mobile] Portale per borse di studio europee. Segnaliamo il portale no-profit european-funding-guide.eu un&#8217;iniziativa che mira ad alleviare il problema della mancanza di fondi per gli studi, il primo motivo di abbandono o rinuncia agli studi superiori nell\u2019UE. Il portale cataloga pi\u00f9 di 12000 borse di studio, sussidi e premi in tutto il territorio dell\u2019UE [&hellip;]<\/p>\n","protected":false},"author":2,"featured_media":248,"parent":0,"menu_order":0,"comment_status":"closed","ping_status":"closed","template":"template-fullwidth-image.php","meta":{"footnotes":""},"class_list":["post-247","page","type-page","status-publish","has-post-thumbnail","hentry"],"_links":{"self":[{"href":"https:\/\/www.ccsitea.test.polimi.it\/index.php?rest_route=\/wp\/v2\/pages\/247","targetHints":{"allow":["GET"]}}],"collection":[{"href":"https:\/\/www.ccsitea.test.polimi.it\/index.php?rest_route=\/wp\/v2\/pages"}],"about":[{"href":"https:\/\/www.ccsitea.test.polimi.it\/index.php?rest_route=\/wp\/v2\/types\/page"}],"author":[{"embeddable":true,"href":"https:\/\/www.ccsitea.test.polimi.it\/index.php?rest_route=\/wp\/v2\/users\/2"}],"replies":[{"embeddable":true,"href":"https:\/\/www.ccsitea.test.polimi.it\/index.php?rest_route=%2Fwp%2Fv2%2Fcomments&post=247"}],"version-history":[{"count":2,"href":"https:\/\/www.ccsitea.test.polimi.it\/index.php?rest_route=\/wp\/v2\/pages\/247\/revisions"}],"predecessor-version":[{"id":890,"href":"https:\/\/www.ccsitea.test.polimi.it\/index.php?rest_route=\/wp\/v2\/pages\/247\/revisions\/890"}],"wp:featuredmedia":[{"embeddable":true,"href":"https:\/\/www.ccsitea.test.polimi.it\/index.php?rest_route=\/wp\/v2\/media\/248"}],"wp:attachment":[{"href":"https:\/\/www.ccsitea.test.polimi.it\/index.php?rest_route=%2Fwp%2Fv2%2Fmedia&parent=247"}],"curies":[{"name":"wp","href":"https:\/\/api.w.org\/{rel}","templated":true}]}}