{"id":207,"date":"2016-03-18T17:23:31","date_gmt":"2016-03-18T16:23:31","guid":{"rendered":"http:\/\/www.ccsitea.polimi.it\/?page_id=207"},"modified":"2020-04-21T18:12:39","modified_gmt":"2020-04-21T17:12:39","slug":"esperienze-allestero","status":"publish","type":"page","link":"https:\/\/www.ccsitea.test.polimi.it\/?page_id=207","title":{"rendered":"Esperienze all\u2019estero"},"content":{"rendered":"<p align=\"justify\">[mobile]\n<p align=\"justify\">\u00a0[\/mobile]\n<p>Lauree nel settore dell&#8217;ingegneria edile e delle costruzioni (Building\/construction Engineering) sono presenti nei programmi didattici delle universit\u00e0 europee ed extra europee che hanno un ordinamento simile a quello italiano (3+2).\u00a0In alcuni Paesi il curriculum di Laurea \u00e9 previsto all&#8217;interno di Corsi in Ingegneria Civile.\u00a0In altri Stati, come ad esempio in Spagna, lauree analoghe sono offerte con ordinamento diverso (4+1).<\/p>\n<p><strong>A partire dall\u2019a.a. 2016-2017 per IEC \u00e8 attivo un percorso di doppia laurea con Universitat Polit\u00e8cnica de Val\u00e8ncia (UPV-ETSIE) (Spain),\u00a0<\/strong><a href=\"https:\/\/www.upv.es\/entidades\/ETSIE\/\" target=\"_blank\" rel=\"noopener noreferrer\"><strong>Escuela T\u00e9cnica Superior de Ingenier\u00eda de Edificaci\u00f3n<\/strong><\/a><strong>\u00a0\u2013 ETSIE (Grado en Arquitectura T\u00e9cnica \/ Bachelor in Technical Architecture\u201d, Bachelor Degree)<\/strong><\/p>\n<p>Gli iscritti al Corso di Laurea IEC accedono anche ai programmi di internazionalizzazione quali Erasmus+<\/p>\n<p>Al seguente <a href=\"http:\/\/www.auic.polimi.it\/international-area\/exchange\/\">link<\/a> le informazioni per accedere ai programmi di scambio internazionali e gli <strong><a href=\"https:\/\/www4.ceda.polimi.it\/manifesti\/manifesti\/controller\/extra\/ScambiInternazionaliPublic.do\">accordi attivi.<\/a><\/strong><\/p>\n","protected":false},"excerpt":{"rendered":"<p>[mobile] \u00a0[\/mobile] Lauree nel settore dell&#8217;ingegneria edile e delle costruzioni (Building\/construction Engineering) sono presenti nei programmi didattici delle universit\u00e0 europee ed extra europee che hanno un ordinamento simile a quello italiano (3+2).\u00a0In alcuni Paesi il curriculum di Laurea \u00e9 previsto all&#8217;interno di Corsi in Ingegneria Civile.\u00a0In altri Stati, come ad esempio in Spagna, lauree analoghe [&hellip;]<\/p>\n","protected":false},"author":2,"featured_media":211,"parent":0,"menu_order":0,"comment_status":"closed","ping_status":"closed","template":"template-fullwidth-image.php","meta":{"footnotes":""},"class_list":["post-207","page","type-page","status-publish","has-post-thumbnail","hentry"],"_links":{"self":[{"href":"https:\/\/www.ccsitea.test.polimi.it\/index.php?rest_route=\/wp\/v2\/pages\/207","targetHints":{"allow":["GET"]}}],"collection":[{"href":"https:\/\/www.ccsitea.test.polimi.it\/index.php?rest_route=\/wp\/v2\/pages"}],"about":[{"href":"https:\/\/www.ccsitea.test.polimi.it\/index.php?rest_route=\/wp\/v2\/types\/page"}],"author":[{"embeddable":true,"href":"https:\/\/www.ccsitea.test.polimi.it\/index.php?rest_route=\/wp\/v2\/users\/2"}],"replies":[{"embeddable":true,"href":"https:\/\/www.ccsitea.test.polimi.it\/index.php?rest_route=%2Fwp%2Fv2%2Fcomments&post=207"}],"version-history":[{"count":7,"href":"https:\/\/www.ccsitea.test.polimi.it\/index.php?rest_route=\/wp\/v2\/pages\/207\/revisions"}],"predecessor-version":[{"id":887,"href":"https:\/\/www.ccsitea.test.polimi.it\/index.php?rest_route=\/wp\/v2\/pages\/207\/revisions\/887"}],"wp:featuredmedia":[{"embeddable":true,"href":"https:\/\/www.ccsitea.test.polimi.it\/index.php?rest_route=\/wp\/v2\/media\/211"}],"wp:attachment":[{"href":"https:\/\/www.ccsitea.test.polimi.it\/index.php?rest_route=%2Fwp%2Fv2%2Fmedia&parent=207"}],"curies":[{"name":"wp","href":"https:\/\/api.w.org\/{rel}","templated":true}]}}