{"id":131,"date":"2016-03-04T15:26:51","date_gmt":"2016-03-04T15:26:51","guid":{"rendered":"http:\/\/www.ccsitea.polimi.it\/?page_id=131"},"modified":"2020-04-23T15:06:34","modified_gmt":"2020-04-23T14:06:34","slug":"regolamenti","status":"publish","type":"page","link":"https:\/\/www.ccsitea.test.polimi.it\/?page_id=131","title":{"rendered":"Regolamenti"},"content":{"rendered":"<p align=\"justify\">[mobile]\n<p align=\"justify\">&nbsp;[\/mobile]\n<h3>Ammissione al corso IEC<\/h3>\n<p>L&#8217;accesso al corso avviene attraverso il test di Ingegneria.<\/p>\n<p>Al seguente <a href=\"http:\/\/www.poliorientami.polimi.it\/come-si-accede\/ammissione-ai-corsi-di-laurea-in-ingegneria\/\">link<\/a> tutte le informazioni<\/p>\n<h3>OFA, obblighi formativi<\/h3>\n<p>Gli OFA (Obblighi Formativi Aggiuntivi)&nbsp;vengono attribuiti sulla base dell&#8217;esito del test di ammissione.<\/p>\n<p>I vincoli per coloro che accedono con <a href=\"https:\/\/www.polimi.it\/studenti-iscritti\/piano-degli-studi-e-ofa\/ofa-obblighi-formativi-aggiuntivi\/ofa-test-per-ingegneria\/\">OFA e come recuperare gli OFA <\/a><\/p>\n<h3><a href=\"https:\/\/www4.ceda.polimi.it\/manifesti\/manifesti\/controller\/extra\/RegolamentoPublic.do?jaf_currentWFID=main&amp;EVN_DEFAULT=evento&amp;aa=2019&amp;k_corso_la=497&amp;lang=IT\">Regolamento didattico IEC<\/a><\/h3>\n<p><span style=\"color: #4b6840;\">Attenzione: in approvazione da parte del Senato Accademico il regolamento didattico 2020-2021; il nuovo regolamento didattico potrebbe subire delle modifiche.<\/span> <span style=\"font-weight: 400;\">Il documento, in formato BOZZA e quindi soggetto a modifiche, \u00e8 consultabile <a href=\"http:\/\/www.ccsitea.test.polimi.it\/wp-content\/uploads\/2020\/04\/BOZZA_Regolamento-didattico-IEC_20-21.pdf\"><strong>qui<\/strong><\/a>.<\/span><\/p>\n<h3>Regolamento esame di Laurea<\/h3>\n<p>L&#8217;esame finale verter\u00e0 sulla verifica delle conoscenze e delle abilit\u00e0 conseguite dallo studente, valutate attraverso la consegna e la successiva esposizione di un elaborato finale.<br \/>\nLo studente potr\u00e0 accedere all\u2019esame di laurea secondo due modalit\u00e0:<\/p>\n<ul>\n<li>Prova Finale di tipo A &#8211; presentazione e discussione di una tesi monografica (tesi di laurea);<\/li>\n<li>Prova Finale di tipo B &#8211; presentazione e discussione di un elaborato di ricerca (relazione finale di laurea).<\/li>\n<\/ul>\n<p>L\u2019esame di Laurea consiste nella presentazione alla Commissione, da parte del laureando, del lavoro svolto. La Commissione valuter\u00e0 non solo il lavoro prodotto ma anche la capacit\u00e0 di sintesi ed espositiva del candidato e il suo senso critico nel rispondere alle domande che la Commissione formuler\u00e0 a seguito della presentazione.<\/p>\n<p>Maggiori informazioni sulla tipologia degli elaborati da produrre e sulle modalit\u00e0 di consegna sono contenute nel regolamento esami di Laurea IEC, disponibile sul sito del CdS al seguente <a href=\"http:\/\/www.ccsitea.test.polimi.it\/wp-content\/uploads\/2019\/06\/L23-INGEGNERIA-EDILE-COSTRUZIONI_regolamento-laurea.pdf\">link.<\/a><\/p>\n<p><em><strong>Altre informazioni utili per la stesura degli elaborati (elaborato Tipo B literature review) o per la consegna dell&#8217;elaborato Tipo A (modulo accompagnamento domanda)<\/strong><\/em><\/p>\n<a href=\"http:\/\/www.ccsitea.test.polimi.it\/wp-content\/uploads\/2020\/04\/Modalit%C3%A0-Laurea_link-esempi.pdf\" class=\"su-button su-button-style-flat\" style=\"color:#FFFFFF;background-color:#4b6840;border-color:#3c5434;border-radius:5px\" target=\"_self\"><span style=\"color:#FFFFFF;padding:6px 16px;font-size:13px;line-height:20px;border-color:#81967a;border-radius:5px;text-shadow:none\"><i class=\"sui sui-arrow-circle-right\" style=\"font-size:13px;color:#FFFFFF\"><\/i> Link utili per la stesura della \u201crelazione finale di laurea\u201d<\/span><\/a>\n<a href=\"http:\/\/www.ccsitea.test.polimi.it\/wp-content\/uploads\/2020\/04\/Modulo-autorizzazione.pdf\" class=\"su-button su-button-style-flat\" style=\"color:#FFFFFF;background-color:#4b6840;border-color:#3c5434;border-radius:5px\" target=\"_blank\" rel=\"noopener noreferrer\"><span style=\"color:#FFFFFF;padding:6px 16px;font-size:13px;line-height:20px;border-color:#81967a;border-radius:5px;text-shadow:none\"><i class=\"sui sui-arrow-circle-right\" style=\"font-size:13px;color:#FFFFFF\"><\/i> Modulo autorizzazione modalit\u00e0 \u201ctesi di laurea\u201d<\/span><\/a>\n<a href=\"http:\/\/www.ccsitea.test.polimi.it\/wp-content\/uploads\/2020\/04\/Laboratori-sperimentali.pdf\" class=\"su-button su-button-style-flat\" style=\"color:#FFFFFF;background-color:#4b6840;border-color:#3c5434;border-radius:5px\" target=\"_blank\" rel=\"noopener noreferrer\"><span style=\"color:#FFFFFF;padding:6px 16px;font-size:13px;line-height:20px;border-color:#81967a;border-radius:5px;text-shadow:none\"><i class=\"sui sui-arrow-circle-right\" style=\"font-size:13px;color:#FFFFFF\"><\/i> Laboratori sperimentali per la \u201ctesi di laurea\u201d<\/span><\/a>\n<h3>Vincoli di manifesto (precedenze) a.a. 2020-2021<\/h3>\n<p>Di seguito si elencano i vincoli di manifesto (vincolo di precedenza e di verbalizzazione) e alcune propedeuticit\u00e0 consigliate.<\/p>\n<h3>Vincoli di precedenza (ossia vincolo di iscrizione all\u2019esame)<\/h3>\n<p style=\"font-weight: 400;\">Per sostenere l\u2019esame di FISICA DELL\u2019EDIFICIO (II anno, 1\u00b0 sem) \u00e8 necessario aver verbalizzato l\u2019esame di ANALISI MATEMATICA 1 (I anno, 1\u00b0 sem);<\/p>\n<p style=\"font-weight: 400;\">Per sostenere l\u2019esame di LABORATORIO DI TECNICA DELLE COSTRUZIONI (III anno, 1\u00b0 sem) \u00e8 necessario aver verbalizzato l\u2019esame di MECCANICA DELLE STRUTTURE (II anno, annuale).<\/p>\n<h3>Vincoli di verbalizzazione<\/h3>\n<p style=\"font-weight: 400;\">Lo studente potr\u00e0 accedere all\u2019esame ma non vedr\u00e0 riconosciuti in carriera gli insegnamenti soggetti a questa tipologia di vincolo. Di seguito l\u2019elenco:<\/p>\n<p style=\"font-weight: 400;\">ANALISI MATEMATICA II (I anno, 2\u00b0 sem) vincolato alla verbalizzazione del corso ANALISI MATEMATICA I (I anno, 1\u00b0 sem);<\/p>\n<p style=\"font-weight: 400;\">LABORATORIO DI ARCHITETTURA TECNICA (III anno, 1\u00b0 sem) vincolato alla verbalizzazione del corso FISICA DELL\u2019EDIFICIO (II anno, 1\u00b0 sem);<\/p>\n<p style=\"font-weight: 400;\">LABORATORIO DI SERVIZI TECNOLOGICI DEGLI EDIFICI (III anno, 1\u00b0 sem) vincolato alla verbalizzazione del corso FISICA DELL\u2019EDIFICIO (II anno, 1\u00b0 sem).<\/p>\n<h3>Propedeuticit\u00e0 consigliate<\/h3>\n<p style=\"font-weight: 400;\">Lo studente potr\u00e0 accedere all\u2019esame ma si suggerisce il rispetto delle seguenti propedeuticit\u00e0:<\/p>\n<p style=\"font-weight: 400;\">Analisi Matematica 1 e Analisi Matematica 2 (I anno, 1\u00b0 e 2\u00b0 sem) da sostenere prima di Meccanica razionale.<\/p>\n<p style=\"font-weight: 400;\">Building Information Modeling BIM (II anno, 2\u00b0 sem) da sostenere prima di LABORATORIO DI PROGETTO DI CANTIERE, LABORATORIO DI ARCHITETTURA TECNICA E LABORATORIO DI SERVIZI TECNOLOGICI DEGLI EDIFICI.<\/p>\n<h3><\/h3>\n","protected":false},"excerpt":{"rendered":"<p>[mobile] &nbsp;[\/mobile] Ammissione al corso IEC L&#8217;accesso al corso avviene attraverso il test di Ingegneria. Al seguente link tutte le informazioni OFA, obblighi formativi Gli OFA (Obblighi Formativi Aggiuntivi)&nbsp;vengono attribuiti sulla base dell&#8217;esito del test di ammissione. I vincoli per coloro che accedono con OFA e come recuperare gli OFA Regolamento didattico IEC Attenzione: in [&hellip;]<\/p>\n","protected":false},"author":2,"featured_media":931,"parent":0,"menu_order":0,"comment_status":"closed","ping_status":"closed","template":"template-fullwidth-image.php","meta":{"footnotes":""},"class_list":["post-131","page","type-page","status-publish","has-post-thumbnail","hentry"],"_links":{"self":[{"href":"https:\/\/www.ccsitea.test.polimi.it\/index.php?rest_route=\/wp\/v2\/pages\/131","targetHints":{"allow":["GET"]}}],"collection":[{"href":"https:\/\/www.ccsitea.test.polimi.it\/index.php?rest_route=\/wp\/v2\/pages"}],"about":[{"href":"https:\/\/www.ccsitea.test.polimi.it\/index.php?rest_route=\/wp\/v2\/types\/page"}],"author":[{"embeddable":true,"href":"https:\/\/www.ccsitea.test.polimi.it\/index.php?rest_route=\/wp\/v2\/users\/2"}],"replies":[{"embeddable":true,"href":"https:\/\/www.ccsitea.test.polimi.it\/index.php?rest_route=%2Fwp%2Fv2%2Fcomments&post=131"}],"version-history":[{"count":52,"href":"https:\/\/www.ccsitea.test.polimi.it\/index.php?rest_route=\/wp\/v2\/pages\/131\/revisions"}],"predecessor-version":[{"id":998,"href":"https:\/\/www.ccsitea.test.polimi.it\/index.php?rest_route=\/wp\/v2\/pages\/131\/revisions\/998"}],"wp:featuredmedia":[{"embeddable":true,"href":"https:\/\/www.ccsitea.test.polimi.it\/index.php?rest_route=\/wp\/v2\/media\/931"}],"wp:attachment":[{"href":"https:\/\/www.ccsitea.test.polimi.it\/index.php?rest_route=%2Fwp%2Fv2%2Fmedia&parent=131"}],"curies":[{"name":"wp","href":"https:\/\/api.w.org\/{rel}","templated":true}]}}